{"id":2093,"date":"2019-05-02T22:32:12","date_gmt":"2019-05-02T22:32:12","guid":{"rendered":"https:\/\/trobica.themescamp.com\/?page_id=2093"},"modified":"2024-08-23T13:39:16","modified_gmt":"2024-08-23T13:39:16","slug":"about","status":"publish","type":"page","link":"https:\/\/octopusworldwide.com\/fr\/about\/","title":{"rendered":"A Propos"},"content":{"rendered":"<div data-elementor-type=\"wp-post\" data-elementor-id=\"2093\" class=\"elementor elementor-2093\">\n\t\t\t\t\t\t<section class=\"elementor-section elementor-top-section elementor-element elementor-element-643fda4c elementor-section-boxed elementor-section-height-default elementor-section-height-default\" data-id=\"643fda4c\" data-element_type=\"section\" data-settings=\"{&quot;background_background&quot;:&quot;classic&quot;}\">\n\t\t\t\t\t\t\t<div class=\"elementor-background-overlay\"><\/div>\n\t\t\t\t\t\t\t<div class=\"elementor-container elementor-column-gap-default\">\n\t\t\t\t\t<div class=\"elementor-column elementor-col-100 elementor-top-column elementor-element elementor-element-2302eb1a\" data-id=\"2302eb1a\" data-element_type=\"column\">\n\t\t\t<div class=\"elementor-widget-wrap elementor-element-populated\">\n\t\t\t\t\t\t<div class=\"elementor-element elementor-element-213021c elementor-widget elementor-widget-heading\" data-id=\"213021c\" data-element_type=\"widget\" data-widget_type=\"heading.default\">\n\t\t\t\t<div class=\"elementor-widget-container\">\n\t\t\t<h1 class=\"elementor-heading-title elementor-size-default\">Qui Sommes-Nous ?<\/h1>\t\t<\/div>\n\t\t\t\t<\/div>\n\t\t\t\t\t<\/div>\n\t\t<\/div>\n\t\t\t\t\t<\/div>\n\t\t<\/section>\n\t\t\t\t<section class=\"elementor-section elementor-top-section elementor-element elementor-element-51faa3b5 elementor-section-full_width elementor-section-height-default elementor-section-height-default\" data-id=\"51faa3b5\" data-element_type=\"section\" id=\"About\" data-settings=\"{&quot;background_background&quot;:&quot;classic&quot;}\">\n\t\t\t\t\t\t<div class=\"elementor-container elementor-column-gap-no\">\n\t\t\t\t\t<div class=\"elementor-column elementor-col-50 elementor-top-column elementor-element elementor-element-2deb95cb elementor-hidden-phone\" data-id=\"2deb95cb\" data-element_type=\"column\" data-settings=\"{&quot;background_background&quot;:&quot;classic&quot;}\">\n\t\t\t<div class=\"elementor-widget-wrap elementor-element-populated\">\n\t\t\t\t\t<div class=\"elementor-background-overlay\"><\/div>\n\t\t\t\t\t\t<div class=\"elementor-element elementor-element-25d6e29 elementor-widget elementor-widget-image\" data-id=\"25d6e29\" data-element_type=\"widget\" data-widget_type=\"image.default\">\n\t\t\t\t<div class=\"elementor-widget-container\">\n\t\t\t\t\t\t\t\t\t\t\t\t\t<img fetchpriority=\"high\" decoding=\"async\" width=\"1080\" height=\"809\" src=\"https:\/\/octopusworldwide.com\/wp-content\/uploads\/2023\/04\/Who-WE-ARe.jpg\" class=\"attachment-full size-full wp-image-2816\" alt=\"\" srcset=\"https:\/\/octopusworldwide.com\/wp-content\/uploads\/2023\/04\/Who-WE-ARe.jpg 1080w, https:\/\/octopusworldwide.com\/wp-content\/uploads\/2023\/04\/Who-WE-ARe-300x225.jpg 300w, https:\/\/octopusworldwide.com\/wp-content\/uploads\/2023\/04\/Who-WE-ARe-1024x767.jpg 1024w, https:\/\/octopusworldwide.com\/wp-content\/uploads\/2023\/04\/Who-WE-ARe-768x575.jpg 768w, https:\/\/octopusworldwide.com\/wp-content\/uploads\/2023\/04\/Who-WE-ARe-16x12.jpg 16w, https:\/\/octopusworldwide.com\/wp-content\/uploads\/2023\/04\/Who-WE-ARe-800x599.jpg 800w\" sizes=\"(max-width: 1080px) 100vw, 1080px\" \/>\t\t\t\t\t\t\t\t\t\t\t\t\t<\/div>\n\t\t\t\t<\/div>\n\t\t\t\t\t<\/div>\n\t\t<\/div>\n\t\t\t\t<div class=\"elementor-column elementor-col-50 elementor-top-column elementor-element elementor-element-3856e5d8\" data-id=\"3856e5d8\" data-element_type=\"column\" data-settings=\"{&quot;background_background&quot;:&quot;classic&quot;}\">\n\t\t\t<div class=\"elementor-widget-wrap elementor-element-populated\">\n\t\t\t\t\t\t<section class=\"elementor-section elementor-inner-section elementor-element elementor-element-51a7166f elementor-section-boxed elementor-section-height-default elementor-section-height-default\" data-id=\"51a7166f\" data-element_type=\"section\" data-settings=\"{&quot;background_background&quot;:&quot;classic&quot;}\">\n\t\t\t\t\t\t<div class=\"elementor-container elementor-column-gap-default\">\n\t\t\t\t\t<div class=\"elementor-column elementor-col-100 elementor-inner-column elementor-element elementor-element-46caf34e\" data-id=\"46caf34e\" data-element_type=\"column\">\n\t\t\t<div class=\"elementor-widget-wrap elementor-element-populated\">\n\t\t\t\t\t\t<div class=\"elementor-element elementor-element-7c744fef elementor-widget elementor-widget-heading\" data-id=\"7c744fef\" data-element_type=\"widget\" data-widget_type=\"heading.default\">\n\t\t\t\t<div class=\"elementor-widget-container\">\n\t\t\t<h2 class=\"elementor-heading-title elementor-size-medium\">Bienvenue chez Octopus Consulting Insight<\/h2>\t\t<\/div>\n\t\t\t\t<\/div>\n\t\t\t\t<div class=\"elementor-element elementor-element-2b6b8e08 elementor-widget elementor-widget-text-editor\" data-id=\"2b6b8e08\" data-element_type=\"widget\" data-widget_type=\"text-editor.default\">\n\t\t\t\t<div class=\"elementor-widget-container\">\n\t\t\t\t\t\t\t<p>Octopus Consulting Insight (OCI) est un cabinet de conseil bas\u00e9 en R\u00e9publique D\u00e9mocratique du Congo, au B\u00e9nin et aux \u00c9tats-Unis dont la mission est de fournir des services de conseil de haute qualit\u00e9 \u00e0 diff\u00e9rentes organisations priv\u00e9es, publiques et \u00e0 but non lucratif afin de r\u00e9pondre \u00e0 leurs besoins strat\u00e9giques. Nous maximisons l'impact de nos travaux gr\u00e2ce \u00e0 nos r\u00e9seaux locaux, aux comp\u00e9tences de nos divers membres d'\u00e9quipe, \u00e0 notre expertise en mati\u00e8re de collecte et d'analyse de donn\u00e9es et \u00e0 notre connaissance des meilleures pratiques afin de d\u00e9passer les attentes de nos clients. Nos approches inclusives et notre engagement en faveur d'une gestion rigoureuse des donn\u00e9es nous distinguent des autres cabinets de conseil.\u00a0<\/p><p>Nos domaines d'expertise comprennent:<\/p>\t\t\t\t\t\t<\/div>\n\t\t\t\t<\/div>\n\t\t\t\t<div class=\"elementor-element elementor-element-3a78c4e8 elementor-icon-list--layout-traditional elementor-list-item-link-full_width elementor-widget elementor-widget-icon-list\" data-id=\"3a78c4e8\" data-element_type=\"widget\" data-widget_type=\"icon-list.default\">\n\t\t\t\t<div class=\"elementor-widget-container\">\n\t\t\t\t\t<ul class=\"elementor-icon-list-items\">\n\t\t\t\t\t\t\t<li class=\"elementor-icon-list-item\">\n\t\t\t\t\t\t\t\t\t\t\t<span class=\"elementor-icon-list-icon\">\n\t\t\t\t\t\t\t<i aria-hidden=\"true\" class=\"fas fa-check\"><\/i>\t\t\t\t\t\t<\/span>\n\t\t\t\t\t\t\t\t\t\t<span class=\"elementor-icon-list-text\">Analyse de la cha\u00eene de valeur<\/span>\n\t\t\t\t\t\t\t\t\t<\/li>\n\t\t\t\t\t\t\t\t<li class=\"elementor-icon-list-item\">\n\t\t\t\t\t\t\t\t\t\t\t<span class=\"elementor-icon-list-icon\">\n\t\t\t\t\t\t\t<i aria-hidden=\"true\" class=\"fas fa-check\"><\/i>\t\t\t\t\t\t<\/span>\n\t\t\t\t\t\t\t\t\t\t<span class=\"elementor-icon-list-text\">\u00c9valuations \u00e0 mi-parcours et en fin de parcours<\/span>\n\t\t\t\t\t\t\t\t\t<\/li>\n\t\t\t\t\t\t\t\t<li class=\"elementor-icon-list-item\">\n\t\t\t\t\t\t\t\t\t\t\t<span class=\"elementor-icon-list-icon\">\n\t\t\t\t\t\t\t<i aria-hidden=\"true\" class=\"fas fa-check\"><\/i>\t\t\t\t\t\t<\/span>\n\t\t\t\t\t\t\t\t\t\t<span class=\"elementor-icon-list-text\">Collecte et analyse de donn\u00e9es qualitatives et quantitatives<\/span>\n\t\t\t\t\t\t\t\t\t<\/li>\n\t\t\t\t\t\t\t\t<li class=\"elementor-icon-list-item\">\n\t\t\t\t\t\t\t\t\t\t\t<span class=\"elementor-icon-list-icon\">\n\t\t\t\t\t\t\t<i aria-hidden=\"true\" class=\"fas fa-check\"><\/i>\t\t\t\t\t\t<\/span>\n\t\t\t\t\t\t\t\t\t\t<span class=\"elementor-icon-list-text\">Autonomisation des femmes et des jeunes<\/span>\n\t\t\t\t\t\t\t\t\t<\/li>\n\t\t\t\t\t\t\t\t<li class=\"elementor-icon-list-item\">\n\t\t\t\t\t\t\t\t\t\t\t<span class=\"elementor-icon-list-icon\">\n\t\t\t\t\t\t\t<i aria-hidden=\"true\" class=\"fas fa-check\"><\/i>\t\t\t\t\t\t<\/span>\n\t\t\t\t\t\t\t\t\t\t<span class=\"elementor-icon-list-text\">Approche des syst\u00e8mes de march\u00e9<\/span>\n\t\t\t\t\t\t\t\t\t<\/li>\n\t\t\t\t\t\t\t\t<li class=\"elementor-icon-list-item\">\n\t\t\t\t\t\t\t\t\t\t\t<span class=\"elementor-icon-list-icon\">\n\t\t\t\t\t\t\t<i aria-hidden=\"true\" class=\"fas fa-check\"><\/i>\t\t\t\t\t\t<\/span>\n\t\t\t\t\t\t\t\t\t\t<span class=\"elementor-icon-list-text\">D\u00e9veloppement des capacit\u00e9s, renforcement du leadership et n\u00e9gociation<\/span>\n\t\t\t\t\t\t\t\t\t<\/li>\n\t\t\t\t\t\t\t\t<li class=\"elementor-icon-list-item\">\n\t\t\t\t\t\t\t\t\t\t\t<span class=\"elementor-icon-list-icon\">\n\t\t\t\t\t\t\t<i aria-hidden=\"true\" class=\"fas fa-check\"><\/i>\t\t\t\t\t\t<\/span>\n\t\t\t\t\t\t\t\t\t\t<span class=\"elementor-icon-list-text\">Sant\u00e9 mondiale : Donn\u00e9es de sant\u00e9 pour la prise de d\u00e9cision &amp; Sant\u00e9 reproductive des femmes<\/span>\n\t\t\t\t\t\t\t\t\t<\/li>\n\t\t\t\t\t\t<\/ul>\n\t\t\t\t<\/div>\n\t\t\t\t<\/div>\n\t\t\t\t<div class=\"elementor-element elementor-element-1f278908 elementor-widget elementor-widget-button\" data-id=\"1f278908\" data-element_type=\"widget\" data-widget_type=\"button.default\">\n\t\t\t\t<div class=\"elementor-widget-container\">\n\t\t\t\t\t<div class=\"elementor-button-wrapper\">\n\t\t\t<a class=\"elementor-button elementor-button-link elementor-size-md\" href=\"https:\/\/octopusworldwide.com\/fr\/services\/\">\n\t\t\t\t\t\t<span class=\"elementor-button-content-wrapper\">\n\t\t\t\t\t\t<span class=\"elementor-button-icon\">\n\t\t\t\t<i aria-hidden=\"true\" class=\"fas fa-arrow-circle-right\"><\/i>\t\t\t<\/span>\n\t\t\t\t\t\t\t\t\t<span class=\"elementor-button-text\">Domaines d&#039;expertise<\/span>\n\t\t\t\t\t<\/span>\n\t\t\t\t\t<\/a>\n\t\t<\/div>\n\t\t\t\t<\/div>\n\t\t\t\t<\/div>\n\t\t\t\t\t<\/div>\n\t\t<\/div>\n\t\t\t\t\t<\/div>\n\t\t<\/section>\n\t\t\t\t\t<\/div>\n\t\t<\/div>\n\t\t\t\t\t<\/div>\n\t\t<\/section>\n\t\t\t\t<section class=\"elementor-section elementor-top-section elementor-element elementor-element-feb08ae elementor-section-boxed elementor-section-height-default elementor-section-height-default\" data-id=\"feb08ae\" data-element_type=\"section\">\n\t\t\t\t\t\t<div class=\"elementor-container elementor-column-gap-default\">\n\t\t\t\t\t<div class=\"elementor-column elementor-col-100 elementor-top-column elementor-element elementor-element-5b31636\" data-id=\"5b31636\" data-element_type=\"column\">\n\t\t\t<div class=\"elementor-widget-wrap elementor-element-populated\">\n\t\t\t\t\t\t<div class=\"elementor-element elementor-element-07f70b4 elementor-widget elementor-widget-heading\" data-id=\"07f70b4\" data-element_type=\"widget\" data-widget_type=\"heading.default\">\n\t\t\t\t<div class=\"elementor-widget-container\">\n\t\t\t<h2 class=\"elementor-heading-title elementor-size-default\">Nos valeurs<\/h2>\t\t<\/div>\n\t\t\t\t<\/div>\n\t\t\t\t\t<\/div>\n\t\t<\/div>\n\t\t\t\t\t<\/div>\n\t\t<\/section>\n\t\t\t\t<section class=\"elementor-section elementor-top-section elementor-element elementor-element-2829cf9 elementor-section-boxed elementor-section-height-default elementor-section-height-default\" data-id=\"2829cf9\" data-element_type=\"section\">\n\t\t\t\t\t\t<div class=\"elementor-container elementor-column-gap-default\">\n\t\t\t\t\t<div class=\"elementor-column elementor-col-50 elementor-top-column elementor-element elementor-element-b70c901\" data-id=\"b70c901\" data-element_type=\"column\">\n\t\t\t<div class=\"elementor-widget-wrap elementor-element-populated\">\n\t\t\t\t\t\t<div class=\"elementor-element elementor-element-fcca15e elementor-widget elementor-widget-spacer\" data-id=\"fcca15e\" data-element_type=\"widget\" data-widget_type=\"spacer.default\">\n\t\t\t\t<div class=\"elementor-widget-container\">\n\t\t\t\t\t<div class=\"elementor-spacer\">\n\t\t\t<div class=\"elementor-spacer-inner\"><\/div>\n\t\t<\/div>\n\t\t\t\t<\/div>\n\t\t\t\t<\/div>\n\t\t\t\t<div class=\"elementor-element elementor-element-ad8dc2c elementor-widget elementor-widget-text-editor\" data-id=\"ad8dc2c\" data-element_type=\"widget\" data-widget_type=\"text-editor.default\">\n\t\t\t\t<div class=\"elementor-widget-container\">\n\t\t\t\t\t\t\t<p><b>Inclusion - <\/b>Notre approche du conseil s'appuie sur des m\u00e9thodes participatives qui permettent aux parties prenantes de s'approprier le projet et de se responsabiliser tout au long de la mission.<\/p><p><b>R\u00e9activit\u00e9 aux questions de genre -\u00a0<\/b>Nous allons au-del\u00e0 des principes de base pour nous assurer que nos \u00e9valuations et nos projets tiennent compte de la dimension de genre. Nous int\u00e9grons des approches sensibles au genre dans l'\u00e9laboration des questions d'\u00e9valuation, ainsi que dans la collecte, l'analyse et l'interpr\u00e9tation des donn\u00e9es afin de tirer des conclusions et de formuler des recommandations.<\/p><p><b>Innovation - <\/b>L'\u00e9quipe Octopus s'efforce de rechercher des solutions innovantes aux d\u00e9fis, en particulier dans les contextes fragiles, afin d'aider nos partenaires \u00e0 atteindre leurs objectifs strat\u00e9giques.<\/p><p><b>Ne pas nuire - <\/b>Travailler avec des groupes vuln\u00e9rables augmente le risque de causer du tort lors de la collecte de donn\u00e9es et\/ou du processus d'\u00e9valuation. Nous collaborons avec nos partenaires pour veiller \u00e0 ce que notre travail soit sensible \u00e0 la culture, \u00e0 l'environnement s\u00e9curitaire et aux besoins des groupes vuln\u00e9rables. L'un de nos principaux atouts est le r\u00e9seau que nous avons d\u00e9velopp\u00e9 avec des superviseurs et des recenseurs locaux qui nous aident \u00e0 naviguer dans des environnements complexes.<\/p><p><b>Ax\u00e9 sur l'utilisation - <\/b>Nous communiquons avec nos partenaires pour comprendre les utilisateurs pr\u00e9vus de nos produits et nous assurer que l'ensemble du projet de conseil est align\u00e9 sur les besoins sp\u00e9cifiques des utilisateurs pr\u00e9vus.<\/p>\t\t\t\t\t\t<\/div>\n\t\t\t\t<\/div>\n\t\t\t\t\t<\/div>\n\t\t<\/div>\n\t\t\t\t<div class=\"elementor-column elementor-col-50 elementor-top-column elementor-element elementor-element-aec479c\" data-id=\"aec479c\" data-element_type=\"column\">\n\t\t\t<div class=\"elementor-widget-wrap elementor-element-populated\">\n\t\t\t\t\t\t<section class=\"elementor-section elementor-inner-section elementor-element elementor-element-11b02f2 elementor-section-boxed elementor-section-height-default elementor-section-height-default\" data-id=\"11b02f2\" data-element_type=\"section\">\n\t\t\t\t\t\t<div class=\"elementor-container elementor-column-gap-default\">\n\t\t\t\t\t<div class=\"elementor-column elementor-col-100 elementor-inner-column elementor-element elementor-element-1f6642c\" data-id=\"1f6642c\" data-element_type=\"column\">\n\t\t\t<div class=\"elementor-widget-wrap elementor-element-populated\">\n\t\t\t\t\t\t<div class=\"elementor-element elementor-element-b448918 elementor-widget elementor-widget-image\" data-id=\"b448918\" data-element_type=\"widget\" data-widget_type=\"image.default\">\n\t\t\t\t<div class=\"elementor-widget-container\">\n\t\t\t\t\t\t\t\t\t\t<figure class=\"wp-caption\">\n\t\t\t\t\t\t\t\t\t\t<img decoding=\"async\" src=\"https:\/\/octopusworldwide.com\/wp-content\/uploads\/2023\/04\/20220409_010715PM___org1.jpg\" title=\"20220409_010715(PM)___[org]1\" alt=\"20220409_010715(PM)___[org]1\" loading=\"lazy\" \/>\t\t\t\t\t\t\t\t\t\t\t<figcaption class=\"widget-image-caption wp-caption-text\">Data collection in Conakry, Guinea<\/figcaption>\n\t\t\t\t\t\t\t\t\t\t<\/figure>\n\t\t\t\t\t\t\t<\/div>\n\t\t\t\t<\/div>\n\t\t\t\t\t<\/div>\n\t\t<\/div>\n\t\t\t\t\t<\/div>\n\t\t<\/section>\n\t\t\t\t\t<\/div>\n\t\t<\/div>\n\t\t\t\t\t<\/div>\n\t\t<\/section>\n\t\t\t\t<section class=\"elementor-section elementor-top-section elementor-element elementor-element-04298ee elementor-section-boxed elementor-section-height-default elementor-section-height-default\" data-id=\"04298ee\" data-element_type=\"section\">\n\t\t\t\t\t\t<div class=\"elementor-container elementor-column-gap-default\">\n\t\t\t\t\t<div class=\"elementor-column elementor-col-100 elementor-top-column elementor-element elementor-element-b1e74f2\" data-id=\"b1e74f2\" data-element_type=\"column\">\n\t\t\t<div class=\"elementor-widget-wrap elementor-element-populated\">\n\t\t\t\t\t\t<section class=\"elementor-section elementor-inner-section elementor-element elementor-element-7e034f6 elementor-section-boxed elementor-section-height-default elementor-section-height-default\" data-id=\"7e034f6\" data-element_type=\"section\">\n\t\t\t\t\t\t<div class=\"elementor-container elementor-column-gap-default\">\n\t\t\t\t\t<div class=\"elementor-column elementor-col-50 elementor-inner-column elementor-element elementor-element-350a629\" data-id=\"350a629\" data-element_type=\"column\">\n\t\t\t<div class=\"elementor-widget-wrap elementor-element-populated\">\n\t\t\t\t\t\t<div class=\"elementor-element elementor-element-5a465ad elementor-widget elementor-widget-image\" data-id=\"5a465ad\" data-element_type=\"widget\" data-widget_type=\"image.default\">\n\t\t\t\t<div class=\"elementor-widget-container\">\n\t\t\t\t\t\t\t\t\t\t<figure class=\"wp-caption\">\n\t\t\t\t\t\t\t\t\t\t<img decoding=\"async\" width=\"1024\" height=\"768\" src=\"https:\/\/octopusworldwide.com\/wp-content\/uploads\/2023\/03\/IMG-20221101-WA0020-1024x768.jpg\" class=\"attachment-large size-large wp-image-2579\" alt=\"\" srcset=\"https:\/\/octopusworldwide.com\/wp-content\/uploads\/2023\/03\/IMG-20221101-WA0020-1024x768.jpg 1024w, https:\/\/octopusworldwide.com\/wp-content\/uploads\/2023\/03\/IMG-20221101-WA0020-800x600.jpg 800w, https:\/\/octopusworldwide.com\/wp-content\/uploads\/2023\/03\/IMG-20221101-WA0020-300x225.jpg 300w, https:\/\/octopusworldwide.com\/wp-content\/uploads\/2023\/03\/IMG-20221101-WA0020-768x576.jpg 768w, https:\/\/octopusworldwide.com\/wp-content\/uploads\/2023\/03\/IMG-20221101-WA0020.jpg 1040w\" sizes=\"(max-width: 1024px) 100vw, 1024px\" \/>\t\t\t\t\t\t\t\t\t\t\t<figcaption class=\"widget-image-caption wp-caption-text\">Collecte de donn\u00e9es en R\u00e9publique d\u00e9mocratique du Congo.<\/figcaption>\n\t\t\t\t\t\t\t\t\t\t<\/figure>\n\t\t\t\t\t\t\t<\/div>\n\t\t\t\t<\/div>\n\t\t\t\t\t<\/div>\n\t\t<\/div>\n\t\t\t\t<div class=\"elementor-column elementor-col-50 elementor-inner-column elementor-element elementor-element-4f9c41b\" data-id=\"4f9c41b\" data-element_type=\"column\">\n\t\t\t<div class=\"elementor-widget-wrap elementor-element-populated\">\n\t\t\t\t\t\t<div class=\"elementor-element elementor-element-3472b4c elementor-widget elementor-widget-image\" data-id=\"3472b4c\" data-element_type=\"widget\" data-widget_type=\"image.default\">\n\t\t\t\t<div class=\"elementor-widget-container\">\n\t\t\t\t\t\t\t\t\t\t<figure class=\"wp-caption\">\n\t\t\t\t\t\t\t\t\t\t<img decoding=\"async\" width=\"992\" height=\"744\" src=\"https:\/\/octopusworldwide.com\/wp-content\/uploads\/2023\/03\/IMG-20221103-WA0012.jpg\" class=\"attachment-large size-large wp-image-2581\" alt=\"\" srcset=\"https:\/\/octopusworldwide.com\/wp-content\/uploads\/2023\/03\/IMG-20221103-WA0012.jpg 992w, https:\/\/octopusworldwide.com\/wp-content\/uploads\/2023\/03\/IMG-20221103-WA0012-800x600.jpg 800w, https:\/\/octopusworldwide.com\/wp-content\/uploads\/2023\/03\/IMG-20221103-WA0012-300x225.jpg 300w, https:\/\/octopusworldwide.com\/wp-content\/uploads\/2023\/03\/IMG-20221103-WA0012-768x576.jpg 768w\" sizes=\"(max-width: 992px) 100vw, 992px\" \/>\t\t\t\t\t\t\t\t\t\t\t<figcaption class=\"widget-image-caption wp-caption-text\">Collecte de donn\u00e9es en R\u00e9publique d\u00e9mocratique du Congo.<\/figcaption>\n\t\t\t\t\t\t\t\t\t\t<\/figure>\n\t\t\t\t\t\t\t<\/div>\n\t\t\t\t<\/div>\n\t\t\t\t\t<\/div>\n\t\t<\/div>\n\t\t\t\t\t<\/div>\n\t\t<\/section>\n\t\t\t\t\t<\/div>\n\t\t<\/div>\n\t\t\t\t\t<\/div>\n\t\t<\/section>\n\t\t\t\t<\/div>","protected":false},"excerpt":{"rendered":"<p>About US Welcome to Octopus Consulting Insight Octopus Consulting Insight (OCI) is a US, Benin and Democratic Republic of Congo based consulting firm which exists to provide high-quality consulting services to a variety of private, public, and non-profit organizations around the world. We maximize impact through local networks, the strengths of our diverse team members, expertise in data collection and &hellip;<\/p>","protected":false},"author":10,"featured_media":0,"parent":0,"menu_order":0,"comment_status":"closed","ping_status":"closed","template":"blank-builder.php","meta":{"footnotes":""},"class_list":["post-2093","page","type-page","status-publish","hentry"],"_links":{"self":[{"href":"https:\/\/octopusworldwide.com\/fr\/wp-json\/wp\/v2\/pages\/2093"}],"collection":[{"href":"https:\/\/octopusworldwide.com\/fr\/wp-json\/wp\/v2\/pages"}],"about":[{"href":"https:\/\/octopusworldwide.com\/fr\/wp-json\/wp\/v2\/types\/page"}],"author":[{"embeddable":true,"href":"https:\/\/octopusworldwide.com\/fr\/wp-json\/wp\/v2\/users\/10"}],"replies":[{"embeddable":true,"href":"https:\/\/octopusworldwide.com\/fr\/wp-json\/wp\/v2\/comments?post=2093"}],"version-history":[{"count":99,"href":"https:\/\/octopusworldwide.com\/fr\/wp-json\/wp\/v2\/pages\/2093\/revisions"}],"predecessor-version":[{"id":3340,"href":"https:\/\/octopusworldwide.com\/fr\/wp-json\/wp\/v2\/pages\/2093\/revisions\/3340"}],"wp:attachment":[{"href":"https:\/\/octopusworldwide.com\/fr\/wp-json\/wp\/v2\/media?parent=2093"}],"curies":[{"name":"wp","href":"https:\/\/api.w.org\/{rel}","templated":true}]}}