{"id":2259,"date":"2019-03-08T11:31:29","date_gmt":"2019-03-08T11:31:29","guid":{"rendered":"http:\/\/www.innovationplans.com\/themeforest\/trobica\/wp\/?page_id=527"},"modified":"2024-06-25T19:32:21","modified_gmt":"2024-06-25T19:32:21","slug":"blog-grid","status":"publish","type":"page","link":"https:\/\/octopusworldwide.com\/fr\/blog-grid\/","title":{"rendered":"Blog grid"},"content":{"rendered":"<div data-elementor-type=\"wp-post\" data-elementor-id=\"2259\" class=\"elementor elementor-2259\">\n\t\t\t\t\t\t<section class=\"elementor-section elementor-top-section elementor-element elementor-element-d928756 elementor-section-boxed elementor-section-height-default elementor-section-height-default\" data-id=\"d928756\" data-element_type=\"section\">\n\t\t\t\t\t\t<div class=\"elementor-container elementor-column-gap-default\">\n\t\t\t\t\t<div class=\"elementor-column elementor-col-100 elementor-top-column elementor-element elementor-element-afbdb62\" data-id=\"afbdb62\" data-element_type=\"column\">\n\t\t\t<div class=\"elementor-widget-wrap elementor-element-populated\">\n\t\t\t\t\t\t<div class=\"elementor-element elementor-element-18b2a59 elementor-widget elementor-widget-heading\" data-id=\"18b2a59\" data-element_type=\"widget\" data-widget_type=\"heading.default\">\n\t\t\t\t<div class=\"elementor-widget-container\">\n\t\t\t<h2 class=\"elementor-heading-title elementor-size-default\">Publications<\/h2>\t\t<\/div>\n\t\t\t\t<\/div>\n\t\t\t\t\t<\/div>\n\t\t<\/div>\n\t\t\t\t\t<\/div>\n\t\t<\/section>\n\t\t\t\t<section class=\"elementor-section elementor-top-section elementor-element elementor-element-4b81d33 elementor-section-stretched elementor-section-boxed elementor-section-height-default elementor-section-height-default\" data-id=\"4b81d33\" data-element_type=\"section\" data-settings=\"{&quot;stretch_section&quot;:&quot;section-stretched&quot;}\">\n\t\t\t\t\t\t<div class=\"elementor-container elementor-column-gap-default\">\n\t\t\t\t\t<div class=\"elementor-column elementor-col-100 elementor-top-column elementor-element elementor-element-ddcb690\" data-id=\"ddcb690\" data-element_type=\"column\">\n\t\t\t<div class=\"elementor-widget-wrap elementor-element-populated\">\n\t\t\t\t\t\t<div class=\"elementor-element elementor-element-4eef41b elementor-widget elementor-widget-trobica-post\" data-id=\"4eef41b\" data-element_type=\"widget\" data-widget_type=\"trobica-post.default\">\n\t\t\t\t<div class=\"elementor-widget-container\">\n\t\t\t\t        \t\t\t<div class=\"blog-post-list row clearfix blog-body\">\r\n\t                         \r\n\t                        <div class=\"col-md-4\">\r\n\t                        \t<div class=\"blog-col-inner\">\r\n\t\t\t\t\t\t\t\t\t\t                                <div class=\"blog-link-img\"> \r\n\t                                    <img fetchpriority=\"high\" decoding=\"async\" width=\"800\" height=\"533\" src=\"https:\/\/octopusworldwide.com\/wp-content\/uploads\/2024\/09\/Image-15-2.jpg\" class=\"attachment-post-thumbnail size-post-thumbnail wp-post-image\" alt=\"\" srcset=\"https:\/\/octopusworldwide.com\/wp-content\/uploads\/2024\/09\/Image-15-2.jpg 800w, https:\/\/octopusworldwide.com\/wp-content\/uploads\/2024\/09\/Image-15-2-300x200.jpg 300w, https:\/\/octopusworldwide.com\/wp-content\/uploads\/2024\/09\/Image-15-2-768x512.jpg 768w, https:\/\/octopusworldwide.com\/wp-content\/uploads\/2024\/09\/Image-15-2-18x12.jpg 18w\" sizes=\"(max-width: 800px) 100vw, 800px\" \/>\t                                            \r\n\t                                     \t                                            <div class=\"cat-post\">\r\n\t                                               <i class=\"fa fa-clone\"><\/i> <a href=\"https:\/\/octopusworldwide.com\/fr\/category\/consulting-services\/\" rel=\"category tag\">Consultations<\/a> | <a href=\"https:\/\/octopusworldwide.com\/fr\/category\/data-collection-and-analysis\/\" rel=\"category tag\">Collecte et analyse des donn\u00e9es<\/a> | <a href=\"https:\/\/octopusworldwide.com\/fr\/category\/innovative-solutions\/\" rel=\"category tag\">Innovative solutions<\/a>\t                                            <\/div>\r\n\t                                    \t                                <\/div>\r\n\t                                \t                                \r\n\t                                <div class=\"excerpt-box\">\r\n\t                                    <a href=\"https:\/\/octopusworldwide.com\/fr\/managing-an-evaluation-of-humanitarian-interventions-in-fragile-areas\/\"><h3>Gestion d\u2019une \u00e9valuation des interventions humanitaires dans les zones fragiles<\/h3><\/a>\r\n\t                                    \r\n\t                                    \t                                    <ul class=\"post-meta\">\r\n\t                                        <li><i class=\"fa fa-user-o fw-700\"><\/i> <a href=\"https:\/\/octopusworldwide.com\/fr\/author\/rfassinou\/\" title=\"Articles par Team Octopus\" rel=\"author\">\u00c9quipe Octopus<\/a><\/li>\r\n\t                                        <li><i class=\"fa fa-clock-o\"><\/i> septembre 10, 2024<\/li>\r\n\t                                    <\/ul>\r\n\t                                    \t                                    \r\n\t                                    \t                                    <p>\r\n\t                                        In a world marked by multifaceted crises, humanitarian interventions play a crucial role in saving l...\t                                    <\/p>\r\n\t                                    \t                                    \r\n\t                                    \t                                    \r\n\t                                    \t                                        <div class=\"spc-20 clearboth\"><\/div>\r\n\t                                        <a class=\"content-btn\" href=\"https:\/\/octopusworldwide.com\/fr\/managing-an-evaluation-of-humanitarian-interventions-in-fragile-areas\/\">\r\n\t                                        \r\n\t                                        \t                                        \r\n\t\t\t\t\t\t\t\t\t\t\tLire Plus\t                                        <\/a>\r\n\t                                    \t                                <\/div>\r\n\t                                \r\n\t                            <\/div>\r\n\t                            <div class=\"spc-30 clearboth\"><\/div>\r\n\t                        <\/div>\r\n\t                        \r\n\t                         \r\n\t                        <div class=\"col-md-4\">\r\n\t                        \t<div class=\"blog-col-inner\">\r\n\t\t\t\t\t\t\t\t\t\t                                <div class=\"blog-link-img\"> \r\n\t                                    <img decoding=\"async\" width=\"1024\" height=\"683\" src=\"https:\/\/octopusworldwide.com\/wp-content\/uploads\/2024\/07\/pexels-fauxels-3183145-1.webp\" class=\"attachment-post-thumbnail size-post-thumbnail wp-post-image\" alt=\"\" \/>\t                                            \r\n\t                                     \t                                            <div class=\"cat-post\">\r\n\t                                               <i class=\"fa fa-clone\"><\/i> <a href=\"https:\/\/octopusworldwide.com\/fr\/category\/uncategorized\/\" rel=\"category tag\">Non class\u00e9<\/a>\t                                            <\/div>\r\n\t                                    \t                                <\/div>\r\n\t                                \t                                \r\n\t                                <div class=\"excerpt-box\">\r\n\t                                    <a href=\"https:\/\/octopusworldwide.com\/fr\/mid-term-evaluation-a-strategic-investment-in-the-success-of-development-initiatives\/\"><h3>L'\u00e9valuation \u00e0 mi-parcours : un investissement strat\u00e9gique pour le succ\u00e8s des initiatives de d\u00e9veloppement<\/h3><\/a>\r\n\t                                    \r\n\t                                    \t                                    <ul class=\"post-meta\">\r\n\t                                        <li><i class=\"fa fa-user-o fw-700\"><\/i> <a href=\"https:\/\/octopusworldwide.com\/fr\/author\/rfassinou\/\" title=\"Articles par Team Octopus\" rel=\"author\">\u00c9quipe Octopus<\/a><\/li>\r\n\t                                        <li><i class=\"fa fa-clock-o\"><\/i> juillet 26, 2024<\/li>\r\n\t                                    <\/ul>\r\n\t                                    \t                                    \r\n\t                                    \t                                    <p>\r\n\t                                        &#8220;We are going to do a mid-term evaluation.&#8221; This phrase, which is common in the world of...\t                                    <\/p>\r\n\t                                    \t                                    \r\n\t                                    \t                                    \r\n\t                                    \t                                        <div class=\"spc-20 clearboth\"><\/div>\r\n\t                                        <a class=\"content-btn\" href=\"https:\/\/octopusworldwide.com\/fr\/mid-term-evaluation-a-strategic-investment-in-the-success-of-development-initiatives\/\">\r\n\t                                        \r\n\t                                        \t                                        \r\n\t\t\t\t\t\t\t\t\t\t\tLire Plus\t                                        <\/a>\r\n\t                                    \t                                <\/div>\r\n\t                                \r\n\t                            <\/div>\r\n\t                            <div class=\"spc-30 clearboth\"><\/div>\r\n\t                        <\/div>\r\n\t                        \r\n\t                         \r\n\t                        <div class=\"col-md-4\">\r\n\t                        \t<div class=\"blog-col-inner\">\r\n\t\t\t\t\t\t\t\t\t\t                                <div class=\"blog-link-img\"> \r\n\t                                    <img decoding=\"async\" width=\"1024\" height=\"683\" src=\"https:\/\/octopusworldwide.com\/wp-content\/uploads\/2024\/06\/art-4-1.webp\" class=\"attachment-post-thumbnail size-post-thumbnail wp-post-image\" alt=\"\" srcset=\"https:\/\/octopusworldwide.com\/wp-content\/uploads\/2024\/06\/art-4-1.webp 1024w, https:\/\/octopusworldwide.com\/wp-content\/uploads\/2024\/06\/art-4-1-300x200.webp 300w, https:\/\/octopusworldwide.com\/wp-content\/uploads\/2024\/06\/art-4-1-768x512.webp 768w, https:\/\/octopusworldwide.com\/wp-content\/uploads\/2024\/06\/art-4-1-18x12.webp 18w, https:\/\/octopusworldwide.com\/wp-content\/uploads\/2024\/06\/art-4-1-800x534.jpg 800w\" sizes=\"(max-width: 1024px) 100vw, 1024px\" \/>\t                                            \r\n\t                                     \t                                            <div class=\"cat-post\">\r\n\t                                               <i class=\"fa fa-clone\"><\/i> <a href=\"https:\/\/octopusworldwide.com\/fr\/category\/consulting-services\/\" rel=\"category tag\">Consultations<\/a> | <a href=\"https:\/\/octopusworldwide.com\/fr\/category\/gender\/\" rel=\"category tag\">Gender<\/a> | <a href=\"https:\/\/octopusworldwide.com\/fr\/category\/innovative-solutions\/\" rel=\"category tag\">Innovative solutions<\/a>\t                                            <\/div>\r\n\t                                    \t                                <\/div>\r\n\t                                \t                                \r\n\t                                <div class=\"excerpt-box\">\r\n\t                                    <a href=\"https:\/\/octopusworldwide.com\/fr\/empowering-vulnerable-groups\/\"><h3>Autonomisation des groupes vuln\u00e9rables : un processus cl\u00e9 pour un d\u00e9veloppement durable et r\u00e9silient<\/h3><\/a>\r\n\t                                    \r\n\t                                    \t                                    <ul class=\"post-meta\">\r\n\t                                        <li><i class=\"fa fa-user-o fw-700\"><\/i> <a href=\"https:\/\/octopusworldwide.com\/fr\/author\/rfassinou\/\" title=\"Articles par Team Octopus\" rel=\"author\">\u00c9quipe Octopus<\/a><\/li>\r\n\t                                        <li><i class=\"fa fa-clock-o\"><\/i> juin 25, 2024<\/li>\r\n\t                                    <\/ul>\r\n\t                                    \t                                    \r\n\t                                    \t                                    <p>\r\n\t                                        Dans un contexte mondial marqu\u00e9 par des d\u00e9fis \u00e9conomiques, sociaux, environnementaux et s\u00e9curitaires, la question...\t                                    <\/p>\r\n\t                                    \t                                    \r\n\t                                    \t                                    \r\n\t                                    \t                                        <div class=\"spc-20 clearboth\"><\/div>\r\n\t                                        <a class=\"content-btn\" href=\"https:\/\/octopusworldwide.com\/fr\/empowering-vulnerable-groups\/\">\r\n\t                                        \r\n\t                                        \t                                        \r\n\t\t\t\t\t\t\t\t\t\t\tLire Plus\t                                        <\/a>\r\n\t                                    \t                                <\/div>\r\n\t                                \r\n\t                            <\/div>\r\n\t                            <div class=\"spc-30 clearboth\"><\/div>\r\n\t                        <\/div>\r\n\t                        \r\n\t                         \r\n\t                        <div class=\"col-md-4\">\r\n\t                        \t<div class=\"blog-col-inner\">\r\n\t\t\t\t\t\t\t\t\t\t                                <div class=\"blog-link-img\"> \r\n\t                                    <img loading=\"lazy\" decoding=\"async\" width=\"475\" height=\"345\" src=\"https:\/\/octopusworldwide.com\/wp-content\/uploads\/2023\/05\/Chaplowe2.jpg\" class=\"attachment-post-thumbnail size-post-thumbnail wp-post-image\" alt=\"\" srcset=\"https:\/\/octopusworldwide.com\/wp-content\/uploads\/2023\/05\/Chaplowe2.jpg 475w, https:\/\/octopusworldwide.com\/wp-content\/uploads\/2023\/05\/Chaplowe2-300x218.jpg 300w, https:\/\/octopusworldwide.com\/wp-content\/uploads\/2023\/05\/Chaplowe2-18x12.jpg 18w\" sizes=\"(max-width: 475px) 100vw, 475px\" \/>\t                                            \r\n\t                                     \t                                            <div class=\"cat-post\">\r\n\t                                               <i class=\"fa fa-clone\"><\/i> <a href=\"https:\/\/octopusworldwide.com\/fr\/category\/consulting-services\/\" rel=\"category tag\">Consultations<\/a> | <a href=\"https:\/\/octopusworldwide.com\/fr\/category\/value-chain-infrastructure\/\" rel=\"category tag\">Infrastructure cha\u00eene de valeur<\/a>\t                                            <\/div>\r\n\t                                    \t                                <\/div>\r\n\t                                \t                                \r\n\t                                <div class=\"excerpt-box\">\r\n\t                                    <a href=\"https:\/\/octopusworldwide.com\/fr\/maximizing-the-value-of-monitoring-and-evaluation-reports-navigating-responsibility-and-utilization\/\"><h3>Maximiser la valeur des rapports de suivi et d'\u00e9valuation<\/h3><\/a>\r\n\t                                    \r\n\t                                    \t                                    <ul class=\"post-meta\">\r\n\t                                        <li><i class=\"fa fa-user-o fw-700\"><\/i> <a href=\"https:\/\/octopusworldwide.com\/fr\/author\/rfassinou\/\" title=\"Articles par Team Octopus\" rel=\"author\">\u00c9quipe Octopus<\/a><\/li>\r\n\t                                        <li><i class=\"fa fa-clock-o\"><\/i> mai 29, 2023<\/li>\r\n\t                                    <\/ul>\r\n\t                                    \t                                    \r\n\t                                    \t                                    <p>\r\n\t                                        Imaginez ce sc\u00e9nario.  L'\u00e9quipe d'\u00e9valuation vient d'achever une \u00e9valuation exceptionnellement difficile...\t                                    <\/p>\r\n\t                                    \t                                    \r\n\t                                    \t                                    \r\n\t                                    \t                                        <div class=\"spc-20 clearboth\"><\/div>\r\n\t                                        <a class=\"content-btn\" href=\"https:\/\/octopusworldwide.com\/fr\/maximizing-the-value-of-monitoring-and-evaluation-reports-navigating-responsibility-and-utilization\/\">\r\n\t                                        \r\n\t                                        \t                                        \r\n\t\t\t\t\t\t\t\t\t\t\tLire Plus\t                                        <\/a>\r\n\t                                    \t                                <\/div>\r\n\t                                \r\n\t                            <\/div>\r\n\t                            <div class=\"spc-30 clearboth\"><\/div>\r\n\t                        <\/div>\r\n\t                        \r\n\t                         \r\n\t                        <div class=\"col-md-4\">\r\n\t                        \t<div class=\"blog-col-inner\">\r\n\t\t\t\t\t\t\t\t\t\t                                <div class=\"blog-link-img\"> \r\n\t                                    <img loading=\"lazy\" decoding=\"async\" width=\"750\" height=\"499\" src=\"https:\/\/octopusworldwide.com\/wp-content\/uploads\/2023\/02\/bananas.png\" class=\"attachment-post-thumbnail size-post-thumbnail wp-post-image\" alt=\"\" srcset=\"https:\/\/octopusworldwide.com\/wp-content\/uploads\/2023\/02\/bananas.png 750w, https:\/\/octopusworldwide.com\/wp-content\/uploads\/2023\/02\/bananas-600x399.png 600w, https:\/\/octopusworldwide.com\/wp-content\/uploads\/2023\/02\/bananas-300x200.png 300w, https:\/\/octopusworldwide.com\/wp-content\/uploads\/2023\/02\/bananas-18x12.png 18w\" sizes=\"(max-width: 750px) 100vw, 750px\" \/>\t                                            \r\n\t                                     \t                                            <div class=\"cat-post\">\r\n\t                                               <i class=\"fa fa-clone\"><\/i> <a href=\"https:\/\/octopusworldwide.com\/fr\/category\/consulting-services\/\" rel=\"category tag\">Consultations<\/a>\t                                            <\/div>\r\n\t                                    \t                                <\/div>\r\n\t                                \t                                \r\n\t                                <div class=\"excerpt-box\">\r\n\t                                    <a href=\"https:\/\/octopusworldwide.com\/fr\/challenges-evaluating-humanitarian\/\"><h3>Les d\u00e9fis de l'\u00e9valuation des programmes humanitaires<\/h3><\/a>\r\n\t                                    \r\n\t                                    \t                                    <ul class=\"post-meta\">\r\n\t                                        <li><i class=\"fa fa-user-o fw-700\"><\/i> <a href=\"https:\/\/octopusworldwide.com\/fr\/author\/rfassinou\/\" title=\"Articles par Team Octopus\" rel=\"author\">\u00c9quipe Octopus<\/a><\/li>\r\n\t                                        <li><i class=\"fa fa-clock-o\"><\/i> avril 19, 2023<\/li>\r\n\t                                    <\/ul>\r\n\t                                    \t                                    \r\n\t                                    \t                                    <p>\r\n\t                                        Les services de conseil d\u00e9signent la fourniture d'expertise ou de conseils strat\u00e9giques qui sont pr\u00e9sent\u00e9s ...\t                                    <\/p>\r\n\t                                    \t                                    \r\n\t                                    \t                                    \r\n\t                                    \t                                        <div class=\"spc-20 clearboth\"><\/div>\r\n\t                                        <a class=\"content-btn\" href=\"https:\/\/octopusworldwide.com\/fr\/challenges-evaluating-humanitarian\/\">\r\n\t                                        \r\n\t                                        \t                                        \r\n\t\t\t\t\t\t\t\t\t\t\tLire Plus\t                                        <\/a>\r\n\t                                    \t                                <\/div>\r\n\t                                \r\n\t                            <\/div>\r\n\t                            <div class=\"spc-30 clearboth\"><\/div>\r\n\t                        <\/div>\r\n\t                        \r\n\t                         \r\n\t                        <div class=\"col-md-4\">\r\n\t                        \t<div class=\"blog-col-inner\">\r\n\t\t\t\t\t\t\t\t\t\t                                <div class=\"blog-link-img\"> \r\n\t                                    <img loading=\"lazy\" decoding=\"async\" width=\"1024\" height=\"683\" src=\"https:\/\/octopusworldwide.com\/wp-content\/uploads\/2023\/02\/phnom-penh-g7b689e007_1920.jpg\" class=\"attachment-post-thumbnail size-post-thumbnail wp-post-image\" alt=\"\" srcset=\"https:\/\/octopusworldwide.com\/wp-content\/uploads\/2023\/02\/phnom-penh-g7b689e007_1920.jpg 1024w, https:\/\/octopusworldwide.com\/wp-content\/uploads\/2023\/02\/phnom-penh-g7b689e007_1920-800x534.jpg 800w, https:\/\/octopusworldwide.com\/wp-content\/uploads\/2023\/02\/phnom-penh-g7b689e007_1920-300x200.jpg 300w, https:\/\/octopusworldwide.com\/wp-content\/uploads\/2023\/02\/phnom-penh-g7b689e007_1920-768x512.jpg 768w, https:\/\/octopusworldwide.com\/wp-content\/uploads\/2023\/02\/phnom-penh-g7b689e007_1920-18x12.jpg 18w\" sizes=\"(max-width: 1024px) 100vw, 1024px\" \/>\t                                            \r\n\t                                     \t                                            <div class=\"cat-post\">\r\n\t                                               <i class=\"fa fa-clone\"><\/i> <a href=\"https:\/\/octopusworldwide.com\/fr\/category\/data-collection-and-analysis\/\" rel=\"category tag\">Collecte et analyse des donn\u00e9es<\/a> | <a href=\"https:\/\/octopusworldwide.com\/fr\/category\/gender\/\" rel=\"category tag\">Gender<\/a>\t                                            <\/div>\r\n\t                                    \t                                <\/div>\r\n\t                                \t                                \r\n\t                                <div class=\"excerpt-box\">\r\n\t                                    <a href=\"https:\/\/octopusworldwide.com\/fr\/data-collection\/\"><h3>Au-del\u00e0 du strict minimum : trois mythes sur l'\u00e9valuation fond\u00e9e sur le genre<\/h3><\/a>\r\n\t                                    \r\n\t                                    \t                                    <ul class=\"post-meta\">\r\n\t                                        <li><i class=\"fa fa-user-o fw-700\"><\/i> <a href=\"https:\/\/octopusworldwide.com\/fr\/author\/rfassinou\/\" title=\"Articles par Team Octopus\" rel=\"author\">\u00c9quipe Octopus<\/a><\/li>\r\n\t                                        <li><i class=\"fa fa-clock-o\"><\/i> avril 15, 2023<\/li>\r\n\t                                    <\/ul>\r\n\t                                    \t                                    \r\n\t                                    \t                                    <p>\r\n\t                                        L'un des arguments avanc\u00e9s pour justifier la r\u00e9alisation d'\u00e9valuations ou de programmes non sexistes est...\t                                    <\/p>\r\n\t                                    \t                                    \r\n\t                                    \t                                    \r\n\t                                    \t                                        <div class=\"spc-20 clearboth\"><\/div>\r\n\t                                        <a class=\"content-btn\" href=\"https:\/\/octopusworldwide.com\/fr\/data-collection\/\">\r\n\t                                        \r\n\t                                        \t                                        \r\n\t\t\t\t\t\t\t\t\t\t\tLire Plus\t                                        <\/a>\r\n\t                                    \t                                <\/div>\r\n\t                                \r\n\t                            <\/div>\r\n\t                            <div class=\"spc-30 clearboth\"><\/div>\r\n\t                        <\/div>\r\n\t                        \r\n\t                        \t                   <\/div>\r\n                   \r\n                   <!--pagination--> \r\n                   <ul class='pagination'><li class='active'><a href='#' >1<\/a><\/li><li><a href='https:\/\/octopusworldwide.com\/fr\/wp-json\/wp\/v2\/pages\/2259\/page\/2\/' class='inactive' >2<\/a><\/li><\/ul>\n\t\t<\/div>\n\t\t\t\t<\/div>\n\t\t\t\t\t<\/div>\n\t\t<\/div>\n\t\t\t\t\t<\/div>\n\t\t<\/section>\n\t\t\t\t<\/div>","protected":false},"excerpt":{"rendered":"<p>Our Blog Consulting services Consulting Services rfassinou February 28, 2023 Consulting Services means&nbsp;the provision of expertise or strategic advice that is presented for cons&#8230; Read More Data collection and analysis | Profile Data collection rfassinou February 28, 2023 Data collection is the process of gathering and measuring information on variables of interest, in a&#8230; Read More Consulting services | Entrepreneurship &hellip;<\/p>","protected":false},"author":10,"featured_media":0,"parent":0,"menu_order":0,"comment_status":"closed","ping_status":"closed","template":"blank-builder.php","meta":{"footnotes":""},"class_list":["post-2259","page","type-page","status-publish","hentry"],"_links":{"self":[{"href":"https:\/\/octopusworldwide.com\/fr\/wp-json\/wp\/v2\/pages\/2259"}],"collection":[{"href":"https:\/\/octopusworldwide.com\/fr\/wp-json\/wp\/v2\/pages"}],"about":[{"href":"https:\/\/octopusworldwide.com\/fr\/wp-json\/wp\/v2\/types\/page"}],"author":[{"embeddable":true,"href":"https:\/\/octopusworldwide.com\/fr\/wp-json\/wp\/v2\/users\/10"}],"replies":[{"embeddable":true,"href":"https:\/\/octopusworldwide.com\/fr\/wp-json\/wp\/v2\/comments?post=2259"}],"version-history":[{"count":7,"href":"https:\/\/octopusworldwide.com\/fr\/wp-json\/wp\/v2\/pages\/2259\/revisions"}],"predecessor-version":[{"id":2658,"href":"https:\/\/octopusworldwide.com\/fr\/wp-json\/wp\/v2\/pages\/2259\/revisions\/2658"}],"wp:attachment":[{"href":"https:\/\/octopusworldwide.com\/fr\/wp-json\/wp\/v2\/media?parent=2259"}],"curies":[{"name":"wp","href":"https:\/\/api.w.org\/{rel}","templated":true}]}}